{"id":198,"date":"2017-01-31T17:34:54","date_gmt":"2017-01-31T17:34:54","guid":{"rendered":"http:\/\/valeriasartori.com.ar\/zerkalo\/?page_id=198"},"modified":"2025-01-03T16:29:58","modified_gmt":"2025-01-03T16:29:58","slug":"biografia","status":"publish","type":"page","link":"http:\/\/valeriasartori.com.ar\/zerkalo\/biografia\/","title":{"rendered":"Biograf\u00eda"},"content":{"rendered":"\t\t<div data-elementor-type=\"wp-page\" data-elementor-id=\"198\" class=\"elementor elementor-198\">\n\t\t\t\t\t\t<section class=\"elementor-section elementor-top-section elementor-element elementor-element-45c6a73 elementor-section-boxed elementor-section-height-default elementor-section-height-default\" data-id=\"45c6a73\" data-element_type=\"section\" data-e-type=\"section\">\n\t\t\t\t\t\t<div class=\"elementor-container elementor-column-gap-narrow\">\n\t\t\t\t\t<div class=\"elementor-column elementor-col-100 elementor-top-column elementor-element elementor-element-114c76f\" data-id=\"114c76f\" data-element_type=\"column\" data-e-type=\"column\">\n\t\t\t<div class=\"elementor-widget-wrap elementor-element-populated\">\n\t\t\t\t\t\t<section class=\"elementor-section elementor-inner-section elementor-element elementor-element-60c7026 elementor-section-boxed elementor-section-height-default elementor-section-height-default\" data-id=\"60c7026\" data-element_type=\"section\" data-e-type=\"section\">\n\t\t\t\t\t\t<div class=\"elementor-container elementor-column-gap-default\">\n\t\t\t\t\t<div class=\"elementor-column elementor-col-50 elementor-inner-column elementor-element elementor-element-78e4d41\" data-id=\"78e4d41\" data-element_type=\"column\" data-e-type=\"column\">\n\t\t\t<div class=\"elementor-widget-wrap elementor-element-populated\">\n\t\t\t\t\t\t<div class=\"elementor-element elementor-element-d5e08a7 elementor-widget elementor-widget-image\" data-id=\"d5e08a7\" data-element_type=\"widget\" data-e-type=\"widget\" data-widget_type=\"image.default\">\n\t\t\t\t<div class=\"elementor-widget-container\">\n\t\t\t\t\t\t\t\t\t\t\t\t\t\t\t<img fetchpriority=\"high\" decoding=\"async\" width=\"300\" height=\"300\" src=\"http:\/\/valeriasartori.com.ar\/zerkalo\/wp-content\/uploads\/2021\/10\/foto-vale-300x300-1-300x300.jpeg\" class=\"attachment-medium size-medium wp-image-540\" alt=\"\" srcset=\"http:\/\/valeriasartori.com.ar\/zerkalo\/wp-content\/uploads\/2021\/10\/foto-vale-300x300-1.jpeg 300w, http:\/\/valeriasartori.com.ar\/zerkalo\/wp-content\/uploads\/2021\/10\/foto-vale-300x300-1-150x150.jpeg 150w\" sizes=\"(max-width: 300px) 100vw, 300px\" \/>\t\t\t\t\t\t\t\t\t\t\t\t\t\t\t<\/div>\n\t\t\t\t<\/div>\n\t\t\t\t\t<\/div>\n\t\t<\/div>\n\t\t\t\t<div class=\"elementor-column elementor-col-50 elementor-inner-column elementor-element elementor-element-0a163c2\" data-id=\"0a163c2\" data-element_type=\"column\" data-e-type=\"column\">\n\t\t\t<div class=\"elementor-widget-wrap elementor-element-populated\">\n\t\t\t\t\t\t<div class=\"elementor-element elementor-element-bcf0bb9 elementor-widget elementor-widget-text-editor\" data-id=\"bcf0bb9\" data-element_type=\"widget\" data-e-type=\"widget\" data-widget_type=\"text-editor.default\">\n\t\t\t\t<div class=\"elementor-widget-container\">\n\t\t\t\t\t\t\t\t\t<p><strong>Valeria Sartori<\/strong><\/p><p>Egresada de la<a href=\"https:\/\/www.fadu.uba.ar\/\"> Facultad de Arquitectura, Dise\u00f1o y Urbanismo<\/a> de la <a href=\"https:\/\/www.uba.ar\/\">Universidad de Buenos Aires (UBA)<\/a>, trabaja desde hace m\u00e1s de 20 a\u00f1os como dise\u00f1adora freelance, especializada en dise\u00f1o gr\u00e1fico, editorial y web para importantes marcas.<\/p><p>Trabaja tanto en \u00e1reas relacionadas con la industria como en otras vinculadas a la actividad art\u00edstica, como el cine, la m\u00fasica y otras disciplinas art\u00edsticas, especialmente el audiovisual.<\/p><p>Tambi\u00e9n es Realizadora Audiovisual egresada de la <a href=\"http:\/\/www.enerc.gob.ar\/\"><span style=\"text-decoration: underline;\">ENERC<\/span> <\/a>(Escuela Nacional de Cine). <a href=\"http:\/\/valeriasartori.com.ar\/\">Click aqu\u00ed para saber m\u00e1s<\/a>.<\/p>\t\t\t\t\t\t\t\t<\/div>\n\t\t\t\t<\/div>\n\t\t\t\t\t<\/div>\n\t\t<\/div>\n\t\t\t\t\t<\/div>\n\t\t<\/section>\n\t\t\t\t\t<\/div>\n\t\t<\/div>\n\t\t\t\t\t<\/div>\n\t\t<\/section>\n\t\t\t\t<\/div>\n\t\t","protected":false},"excerpt":{"rendered":"<p>Valeria Sartori Egresada de la Facultad de Arquitectura, Dise\u00f1o y Urbanismo de la Universidad de Buenos Aires (UBA), trabaja desde hace m\u00e1s de 20 a\u00f1os como dise\u00f1adora freelance, especializada en dise\u00f1o gr\u00e1fico, editorial y web para importantes marcas. Trabaja tanto en \u00e1reas relacionadas con la industria como en otras vinculadas a la actividad art\u00edstica, como el cine, la m\u00fasica y otras disciplinas art\u00edsticas, especialmente el audiovisual. Tambi\u00e9n es Realizadora Audiovisual egresada de la ENERC (Escuela Nacional de Cine). Click aqu\u00ed para saber m\u00e1s.<\/p>\n","protected":false},"author":1,"featured_media":191,"parent":0,"menu_order":0,"comment_status":"closed","ping_status":"closed","template":"","meta":{"footnotes":""},"class_list":["post-198","page","type-page","status-publish","has-post-thumbnail","hentry"],"_links":{"self":[{"href":"http:\/\/valeriasartori.com.ar\/zerkalo\/wp-json\/wp\/v2\/pages\/198","targetHints":{"allow":["GET"]}}],"collection":[{"href":"http:\/\/valeriasartori.com.ar\/zerkalo\/wp-json\/wp\/v2\/pages"}],"about":[{"href":"http:\/\/valeriasartori.com.ar\/zerkalo\/wp-json\/wp\/v2\/types\/page"}],"author":[{"embeddable":true,"href":"http:\/\/valeriasartori.com.ar\/zerkalo\/wp-json\/wp\/v2\/users\/1"}],"replies":[{"embeddable":true,"href":"http:\/\/valeriasartori.com.ar\/zerkalo\/wp-json\/wp\/v2\/comments?post=198"}],"version-history":[{"count":22,"href":"http:\/\/valeriasartori.com.ar\/zerkalo\/wp-json\/wp\/v2\/pages\/198\/revisions"}],"predecessor-version":[{"id":666,"href":"http:\/\/valeriasartori.com.ar\/zerkalo\/wp-json\/wp\/v2\/pages\/198\/revisions\/666"}],"wp:featuredmedia":[{"embeddable":true,"href":"http:\/\/valeriasartori.com.ar\/zerkalo\/wp-json\/wp\/v2\/media\/191"}],"wp:attachment":[{"href":"http:\/\/valeriasartori.com.ar\/zerkalo\/wp-json\/wp\/v2\/media?parent=198"}],"curies":[{"name":"wp","href":"https:\/\/api.w.org\/{rel}","templated":true}]}}